{"id":8,"date":"2017-01-23T12:09:16","date_gmt":"2017-01-23T12:09:16","guid":{"rendered":"http:\/\/az-serwer1789618.online.pro\/autoinstalator\/wordpress\/?page_id=8"},"modified":"2025-04-16T09:03:05","modified_gmt":"2025-04-16T07:03:05","slug":"publications","status":"publish","type":"page","link":"http:\/\/bkonat.home.amu.edu.pl\/?page_id=8","title":{"rendered":"Publications"},"content":{"rendered":"\n<p><a href=\"https:\/\/scholar.google.com\/citations?user=DXfJoNcAAAAJ&amp;hl=pl\" target=\"_blank\" rel=\"noreferrer noopener\">Full list at my Google Scholar profile<\/a><\/p>\n\n\n<p><strong>Journal articles<\/strong><\/p>\n<p>Konat, B., Gajewska, E. &amp; Rossa, W. Pathos in Natural Language Argumentation: Emotional Appeals and Reactions.&nbsp;<i>Argumentation<\/i>&nbsp;<b>38<\/b>, 369\u2013403 (2024). https:\/\/doi.org\/10.1007\/s10503-024-09631-2<\/p>\n<p>Koszowy, M., Oswald, S., Budzynska, K., Konat, B., &amp; Gygax, P. (2022). A Pragmatic Account of Rephrase in Argumentation: Linguistic and Cognitive Evidence. Informal Logic, 42(1), 49-82.<\/p>\n<p>Juszczyk, K., Konat, B., &amp; Fabiszak, M. (2022). Speakers who metaphorize together\u2013argue together: Interaction between metaphors and arguments as a dynamic discourse phenomenon. Metaphor and the Social World, 12(2), 245-269.<\/p>\n<p>Wierzba, M., Riegel, M., Koco\u0144, J., Mi\u0142kowski, P., Janz, A., Klessa, K., Konat, B., \u2026 &amp; Marchewka, A. (2021). Emotion norms for 6000 Polish word meanings with a direct mapping to the Polish wordnet. Behavior Research Methods, 1-16.<\/p>\n<p>Visser, J., Konat, B., Duthie, R., Koszowy, M., Budzynska, K., &amp; Reed, C. (2020). Argumentation in the 2016 US presidential elections: annotated corpora of television debates and social media reaction. Language Resources and Evaluation, 54(1), 123-154.<\/p>\n<p>Lakens, D., Adolfi, F. G., Albers, C. J., Anvari, F., Apps, M. A., Argamon, S. E., Konat, B., \u2026 &amp; Zwaan, R. A. (2018). Justify your alpha. Nature Human Behaviour, 2(3), 168-171.<\/p>\n<p>Lawrence, J., Snaith, M., Konat, B., Budzynska, K., &amp; Reed, C. (2017). Debating technology for dialogical argument: Sensemaking, engagement, and analytics. ACM Transactions on Internet Technology (TOIT), 17(3), 1-23.<\/p>\n<p>Lawrence, J., Park, J., Budzynska, K., Cardie, C., Konat, B., &amp; Reed, C. (2017). Using argumentative structure to interpret debates in online deliberative democracy and erulemaking. ACM Transactions on Internet Technology (TOIT), 17(3), 1-22.<\/p>\n<p>Reed, C., Budzynska, K., Duthie, R., Janier, M., Konat, B., Lawrence, J., \u2026 &amp; Snaith, M. (2017). The argument web: An online ecosystem of tools, systems and services for argumentation. Philosophy &amp; Technology, 30, 137-160.<\/p>\n<p>\u0106wierz, K., Cossengue Casimiro, R., &amp; Konat, B. (2017). R\u00f3\u017cnice leksykalne w wypowiedziach zwolennik\u00f3w i przeciwnik\u00f3w dopuszczalno\u015bci aborcji-analiza angloj\u0119zycznych grup w serwisie Facebook. Investigationes Linguisticae, 37, 34-43.<\/p>\n<p><strong>Book chapters<\/strong><\/p>\n<p>B. Konat (2016), \u201c\u00abMo\u017ce by\u0107 \u017ale ale mo\u017ce by\u0107 te\u017c bardzo dobrze\u00bb. Niepewno\u015b\u0107 i niedos\u0142owno\u015b\u0107 w wypowiedziach m\u0142odych Polak\u00f3w dotycz\u0105cych ich przysz\u0142o\u015bci zawodowej\u201d, Niedos\u0142owno\u015b\u0107 w j\u0119zyku. J\u0119zyk a komunikacja 37:187\u2013197. <span style=\"text-decoration: underline;\"><a href=\"http:\/\/hdl.handle.net\/10593\/14488\" target=\"_blank\" rel=\"noopener\">[url]<\/a><\/span><\/p>\n<p>B. Konat, K. Juszczyk (2015), \u201cMultimodal communication in career coaching sessions: lexical and gestural corpus study\u201d, Empirical Methods in Language Studies 37:193\u2013211.&nbsp;<span style=\"text-decoration: underline;\"><a href=\"https:\/\/repozytorium.amu.edu.pl\/handle\/10593\/14014\" target=\"_blank\" rel=\"noopener\">[url]<\/a><\/span><\/p>\n<p>M. Fabiszak, B. Konat (2013), \u201cZastosowanie korpus\u00f3w j\u0119zykowych w j\u0119zykoznawstwie kognitywnym\u201d, Metodologie j\u0119zykoznawstwa 1:131\u2013142.&nbsp;<a href=\"https:\/\/repozytorium.amu.edu.pl\/handle\/10593\/8963\" target=\"_blank\" rel=\"noopener\">[url]<\/a><\/p>\n<p>I. Kokorniak, B. Konat (2012), \u201cAgent or Experiencer? A Search for the Subject Role in the MentalVerb My\u015ble\u0107 \u2019Think\u2019 in Polish\u201d,Cognitive Processes in Language 77-86.&nbsp;<a href=\"https:\/\/repozytorium.amu.edu.pl\/handle\/10593\/11004\" target=\"_blank\" rel=\"noopener\">[url]<\/a><\/p>\n<p><strong>Conference articles<\/strong><\/p>\n<p>B. Konat, K. Budzynska, P. Saint-Dizier (2016), \u201cRephrase in Argument Structure\u201d, Foundations of the Language of Argumentation COMMA 2016 Workshop. <a href=\"http:\/\/www.ling.uni-potsdam.de\/comma2016\/pdf\/FLA16-proceedings.pdf#page=37\" target=\"_blank\" rel=\"noopener\">[url]<\/a><\/p>\n<p>B. Konat, J. Lawrence, J. Park, K. Budzynska, C. Reed (2016), \u201cA Corpus of Argument Networks: Using Graph Properties to Analyse Divisive Issues\u201d, 10th edition of the Language Resources and Evaluation Conference (LREC2016).&nbsp;<a href=\"http:\/\/www.lrec-conf.org\/proceedings\/lrec2016\/pdf\/307_Paper.pdf\" target=\"_blank\" rel=\"noopener\">[url]<\/a><\/p>\n<p>K. Budzynska, M. Janier, J. Kang, B. Konat, C. Reed, P. Saint-Dizier, M. Stede, O. Yaskorska (2015),\u201cAutomatically identifying transitions between locutions in dialogue\u201d, 1st European Conference on Argumentation (ECA 2015), 2:1-18. <a href=\"http:\/\/www.arg.dundee.ac.uk\/people\/chris\/...\/eca2015-budzynska.pdf\" target=\"_blank\" rel=\"noopener\">[url]<\/a><\/p>\n<p>M. Fabiszak, A. Hebda, B. Konat (2012), \u201cDichotomy between private and public experience: The case of Polish wierzy\u0107 \u2018believe\u2018\u201d, Online Proceedings of UK-CLA Meetings, 164\u2013176.&nbsp;<a href=\"http:\/\/www.arg.dundee.ac.uk\/people\/chris\/...\/eca2015-budzynska.pdf\" target=\"_blank\" rel=\"noopener\">[url]<\/a><\/p>\n<p>B. Konat (2010), \u201cZakulisowe poznawanie j\u0119zykoznawstwa kognitywnego\u201d,Pozna\u0144skie Forum Kognitywistyczne. Teksty Pokonferencyjne, 5:96\u2013102.<\/p>\n<p>B. Konat (2010), \u201cNowe nurty w j\u0119zykoznawstwie kognitywnym. Jak koncepcja usytuowania spo\u0142eczno-kulturowego uzupe\u0142nia za\u0142o\u017cenie o poznawczym charakterze j\u0119zyka?\u201d, Pozna\u0144skie Forum Kognitywistyczne. Teksty Pokonferencyjne, 4:190\u2013197<\/p>","protected":false},"excerpt":{"rendered":"<p>Full list at my Google Scholar profile Journal articles Konat, B., Gajewska, E. &amp; Rossa, W. Pathos in Natural Language Argumentation: Emotional Appeals and Reactions.&nbsp;Argumentation&nbsp;38, &hellip; <\/p>\n","protected":false},"author":1,"featured_media":0,"parent":0,"menu_order":0,"comment_status":"closed","ping_status":"closed","template":"","meta":[],"_links":{"self":[{"href":"http:\/\/bkonat.home.amu.edu.pl\/index.php?rest_route=\/wp\/v2\/pages\/8"}],"collection":[{"href":"http:\/\/bkonat.home.amu.edu.pl\/index.php?rest_route=\/wp\/v2\/pages"}],"about":[{"href":"http:\/\/bkonat.home.amu.edu.pl\/index.php?rest_route=\/wp\/v2\/types\/page"}],"author":[{"embeddable":true,"href":"http:\/\/bkonat.home.amu.edu.pl\/index.php?rest_route=\/wp\/v2\/users\/1"}],"replies":[{"embeddable":true,"href":"http:\/\/bkonat.home.amu.edu.pl\/index.php?rest_route=%2Fwp%2Fv2%2Fcomments&post=8"}],"version-history":[{"count":7,"href":"http:\/\/bkonat.home.amu.edu.pl\/index.php?rest_route=\/wp\/v2\/pages\/8\/revisions"}],"predecessor-version":[{"id":222,"href":"http:\/\/bkonat.home.amu.edu.pl\/index.php?rest_route=\/wp\/v2\/pages\/8\/revisions\/222"}],"wp:attachment":[{"href":"http:\/\/bkonat.home.amu.edu.pl\/index.php?rest_route=%2Fwp%2Fv2%2Fmedia&parent=8"}],"curies":[{"name":"wp","href":"https:\/\/api.w.org\/{rel}","templated":true}]}}