{"id":12,"date":"2017-01-23T12:10:32","date_gmt":"2017-01-23T12:10:32","guid":{"rendered":"http:\/\/az-serwer1789618.online.pro\/autoinstalator\/wordpress\/?page_id=12"},"modified":"2024-07-04T10:54:24","modified_gmt":"2024-07-04T08:54:24","slug":"teaching","status":"publish","type":"page","link":"http:\/\/bkonat.home.amu.edu.pl\/?page_id=12","title":{"rendered":"Teaching"},"content":{"rendered":"<p><strong>Teaching<\/strong><\/p>\n<p><strong>Semestr zimowy 2024\/2025 &#8211; Urlop naukowy<\/strong><\/p>\n<p>Jestem dost\u0119pna we wtorki, 11-14, pok. 97 (wtedy te\u017c odpowiadam na e-maile).<\/p>\n<p><strong>Problem Based Learning &#8211; wyniki prac grupowych<\/strong><\/p>\n<p>Projekt jest przygotowany w ramach nauczania metod\u0105 problemow\u0105 (Problem-Based Learning, PBL) podczas kursu &#8222;J\u0119zykoznawstwo og\u00f3lne&#8221; dla kierunku kognitywistyka na WPiK UAM, w ramach \u201eDoskona\u0142o\u015b\u0107 dydaktyczna Uczelni\u201d POWR.03.04.00-00-P023\/21.<\/p>\n<p>Czy u\u017cywasz ChatGPT? Czy wiesz jak on dzia\u0142a? Co s\u0105dzisz o wielkich modelach j\u0119zykowych?<\/p>\n<p>Na te i inne pytania odpowiadaj\u0105 &#8222;gadaj\u0105ce g\u0142owy&#8221; w kr\u00f3tkim filmie z g\u0142osem eksperckim dr in\u017c. Marcina Jukiewicza. \u015awietny pomys\u0142, jeszcze lepsze wykonanie &#8211; zapraszam do obejrzenia, wci\u0105ga!<\/p>\n<p>https:\/\/www.youtube.com\/watch?v=O9SSbExHCNs<\/p>\n<p>&#8212;&#8212;&#8212;&#8212;&#8212;&#8212;&#8212;&#8212;&#8212;&#8212;&#8212;&#8212;&#8212;&#8211;<\/p>\n<p>Pytanie brzmi: &#8222;W kt\u00f3rym odcinku &#8222;Przyjaci\u00f3\u0142&#8221; Kusy kupi\u0142 od Gandalfa peleryn\u0119 niewidk\u0119?&#8221;.<\/p>\n<p>Wiecie? Bo niekt\u00f3re wielkie modele j\u0119zykowe (LLM) wiedz\u0105 i powiedz\u0105 \ud83d\ude00 O halucynacjach w LLM i o tym dlaczego warto by\u0107 ostro\u017cnym w korzystaniu z generowanych odpowiedzi m\u00f3wi kr\u00f3tki i bardzo zabawny film przygotowany przez grup\u0119 studenck\u0105. Zapraszam!<\/p>\n<p>https:\/\/www.youtube.com\/watch?v=y-crvtZqRBM<\/p>\n<p>&#8212;&#8212;&#8212;&#8212;&#8212;&#8212;&#8212;&#8212;&#8212;&#8212;&#8212;&#8212;&#8212;&#8212;-<\/p>\n<p>Je\u015bli lubicie podcasty, zapraszam do wys\u0142uchania tego. Studentki, na podstawie dobrze przygotowanych \u017ar\u00f3de\u0142 naukowych i popularnych, opowiadaj\u0105 o rozwoju wielkich modeli j\u0119zykowych, swoich do\u015bwiadczeniach z nimi, o wadach i zaletach ich obecno\u015bci w codziennym \u017cyciu.<\/p>\n<p>https:\/\/www.youtube.com\/watch?v=5HizIdfYJr4<\/p>\n<p>&#8212;&#8212;&#8212;&#8212;&#8212;&#8212;&#8212;&#8212;&#8212;&#8212;&#8212;&#8212;&#8212;&#8212;<br \/>\nJak arty\u015bci postrzegaj\u0105 obecno\u015b\u0107 AI w ich \u017cyciu &#8211; wywiady z tw\u00f3rcami i troch\u0119 o prawie autorskim na tym insta:<br \/>\nhttps:\/\/www.instagram.com\/specter_of_the_machine\/<\/p>\n<p>Czy o trudnym problemie \u015bwiadomo\u015bci mo\u017cna opowiada\u0107 na r\u00f3\u017cowo? Mo\u017cna! Niuniowy instagram przybli\u017ca zar\u00f3wno &#8222;g\u0142os ludu&#8221; jak i skomplikowane zagadnienia:<br \/>\nhttps:\/\/www.instagram.com\/niunie_o_llm\/<\/p>\n<p>Jak ChatGPT dzia\u0142a od \u015brodka? Czym si\u0119 r\u00f3\u017cni od Akinatora? O tym opowiada instagram &#8222;kod \u017ar\u00f3d\u0142owy&#8221;:<\/p>\n<p>https:\/\/www.instagram.com\/kodzrodlowy\/<\/p>\n<p>Jak rozpozna\u0107 AI w tek\u015bcie i co to jest deepfake? Czym jest martwy internet? Zapraszam na insta boty w necie:<\/p>\n<p>https:\/\/www.instagram.com\/botywnecie\/<\/p>\n<p><strong>Poprzednie kursy<\/strong><\/p>\n<p>J\u0119zykoznawstwo og\u00f3lne 08-KODL-JOG<\/p>\n<p>J\u0119zykoznawstwo kognitywne 08-KODL-JEK<\/p>\n<p>Laboratorium II: Badania korpusowe 08-KODM-LABB<\/p>\n<p>Laboratorium V: Automatyczne przetwarzanie tekstu 08-KODM-LABPT4 (<a href=\"http:\/\/bkonat.home.amu.edu.pl\/?attachment_id=118\" rel=\"attachment wp-att-118\">B_KONAT_NLP_Sylabus_170206<\/a>)<\/p>\n<p>Seminarium magisterskie 08-KODM-MGR3<\/p>\n<p>Seminarium licencjackie 08-KODL-SEL2<\/p>\n<p><strong>Teaching Experience<\/strong><br \/>\nFaculty of English, Adam Mickiewicz University in Pozna\u0144, 2013 -2014.<\/p>\n<ul>\n<li>Scientific methodology for linguists (in English).<\/li>\n<\/ul>\n<p>Institute of Psychology, Adam Mickiewicz University in Pozna\u0144, 2013 -2014, 2016-2017.<\/p>\n<ul>\n<li>Logic, Introduction to philosophy, Introduction to linguistics (in Polish).<\/li>\n<\/ul>\n<p>Institute of Philosophy, Adam Mickiewicz University in Pozna\u0144, 2008 &#8211; 2013.<\/p>\n<ul>\n<li>Logic, Logical semiotics, Philosophy of XX century, Biological foundations of behaviour (in Polish). Introduction to Cognitive Linguistics (in English).<\/li>\n<\/ul>\n","protected":false},"excerpt":{"rendered":"<p>Teaching Semestr zimowy 2024\/2025 &#8211; Urlop naukowy Jestem dost\u0119pna we wtorki, 11-14, pok. 97 (wtedy te\u017c odpowiadam na e-maile). Problem Based Learning &#8211; wyniki prac &hellip; <\/p>\n","protected":false},"author":1,"featured_media":0,"parent":0,"menu_order":0,"comment_status":"closed","ping_status":"closed","template":"","meta":[],"_links":{"self":[{"href":"http:\/\/bkonat.home.amu.edu.pl\/index.php?rest_route=\/wp\/v2\/pages\/12"}],"collection":[{"href":"http:\/\/bkonat.home.amu.edu.pl\/index.php?rest_route=\/wp\/v2\/pages"}],"about":[{"href":"http:\/\/bkonat.home.amu.edu.pl\/index.php?rest_route=\/wp\/v2\/types\/page"}],"author":[{"embeddable":true,"href":"http:\/\/bkonat.home.amu.edu.pl\/index.php?rest_route=\/wp\/v2\/users\/1"}],"replies":[{"embeddable":true,"href":"http:\/\/bkonat.home.amu.edu.pl\/index.php?rest_route=%2Fwp%2Fv2%2Fcomments&post=12"}],"version-history":[{"count":7,"href":"http:\/\/bkonat.home.amu.edu.pl\/index.php?rest_route=\/wp\/v2\/pages\/12\/revisions"}],"predecessor-version":[{"id":201,"href":"http:\/\/bkonat.home.amu.edu.pl\/index.php?rest_route=\/wp\/v2\/pages\/12\/revisions\/201"}],"wp:attachment":[{"href":"http:\/\/bkonat.home.amu.edu.pl\/index.php?rest_route=%2Fwp%2Fv2%2Fmedia&parent=12"}],"curies":[{"name":"wp","href":"https:\/\/api.w.org\/{rel}","templated":true}]}}